{"id":28965,"date":"2024-04-22T11:36:22","date_gmt":"2024-04-22T11:36:22","guid":{"rendered":"https:\/\/binowopark.pl\/golfplatze\/"},"modified":"2024-11-19T08:47:34","modified_gmt":"2024-11-19T08:47:34","slug":"golfplatze","status":"publish","type":"page","link":"https:\/\/binowopark.pl\/de\/golfplatze\/","title":{"rendered":"Golfpl\u00e4tze"},"content":{"rendered":"\t\t<div data-elementor-type=\"wp-page\" data-elementor-id=\"28965\" class=\"elementor elementor-28965 elementor-25876\" data-elementor-post-type=\"page\">\n\t\t\t\t<div class=\"elementor-element elementor-element-7c39ad8 e-flex e-con-boxed sc_inner_width_none sc_layouts_column_icons_position_left e-con e-parent\" data-id=\"7c39ad8\" data-element_type=\"container\" data-settings=\"{&quot;background_background&quot;:&quot;classic&quot;}\">\n\t\t\t\t\t<div class=\"e-con-inner\">\n\t\t\t\t<div class=\"elementor-element elementor-element-40eabc4 sc_fly_static elementor-widget elementor-widget-heading\" data-id=\"40eabc4\" data-element_type=\"widget\" data-widget_type=\"heading.default\">\n\t\t\t\t<div class=\"elementor-widget-container\">\n\t\t\t<h1 class=\"elementor-heading-title elementor-size-default\">Golfpl\u00e4tze<\/h1>\t\t<\/div>\n\t\t\t\t<\/div>\n\t\t\t\t<div class=\"elementor-element elementor-element-61fa663 sc_fly_static elementor-widget elementor-widget-image\" data-id=\"61fa663\" data-element_type=\"widget\" data-widget_type=\"image.default\">\n\t\t\t\t<div class=\"elementor-widget-container\">\n\t\t\t\t\t\t\t\t\t\t\t\t\t<img decoding=\"async\" width=\"55\" height=\"55\" src=\"https:\/\/binowopark.pl\/wp-content\/uploads\/2024\/04\/Piktogram_Strzalka.png\" class=\"attachment-full size-full wp-image-25197\" alt=\"\" \/>\t\t\t\t\t\t\t\t\t\t\t\t\t<\/div>\n\t\t\t\t<\/div>\n\t\t\t\t<div class=\"elementor-element elementor-element-e856831 elementor-widget__width-initial elementor-widget-mobile__width-inherit sc_fly_static elementor-widget elementor-widget-text-editor\" data-id=\"e856831\" data-element_type=\"widget\" data-widget_type=\"text-editor.default\">\n\t\t\t\t<div class=\"elementor-widget-container\">\n\t\t\t\t\t\t\t<p class=\"p1\">Wir sind einer der \u00e4ltesten Golfpl\u00e4tze in Polen \u2013 der 1999 am Rande des Bukowa-Waldes gegr\u00fcndete Golfclub Binowo Park bietet Ihnen 2 Golfpl\u00e4tze, die auf die Bed\u00fcrfnisse von Anf\u00e4ngern und Fortgeschrittenen zugeschnitten sind. Sie sind von bezaubernder Natur umgeben und machen jedes Spiel zu einer perfekten Flucht aus dem Alltag. <\/p>\n\t\t\t\t\t\t<\/div>\n\t\t\t\t<\/div>\n\t\t\t\t\t<\/div>\n\t\t\t\t<\/div>\n\t\t<div class=\"elementor-element elementor-element-40fb937 e-con-full e-flex sc_inner_width_none sc_layouts_column_icons_position_left e-con e-parent\" data-id=\"40fb937\" data-element_type=\"container\">\n\t\t<div class=\"elementor-element elementor-element-8025403 e-con-full e-flex sc_inner_width_none sc_layouts_column_icons_position_left e-con e-child\" data-id=\"8025403\" data-element_type=\"container\" data-settings=\"{&quot;background_background&quot;:&quot;classic&quot;}\">\n\t\t\t\t<div class=\"elementor-element elementor-element-76555d6 elementor-widget__width-initial sc_fly_static elementor-widget elementor-widget-heading\" data-id=\"76555d6\" data-element_type=\"widget\" data-widget_type=\"heading.default\">\n\t\t\t\t<div class=\"elementor-widget-container\">\n\t\t\t<h2 class=\"elementor-heading-title elementor-size-default\"><a href=\"https:\/\/binowopark.pl\/pole-9-dolkowe\/\">Anf\u00e4ngergolfplatz - 9 L\u00f6cher<\/a><\/h2>\t\t<\/div>\n\t\t\t\t<\/div>\n\t\t\t\t<\/div>\n\t\t<div class=\"elementor-element elementor-element-a1f5db2 e-con-full e-flex sc_inner_width_none sc_layouts_column_icons_position_left e-con e-child\" data-id=\"a1f5db2\" data-element_type=\"container\" data-settings=\"{&quot;background_background&quot;:&quot;classic&quot;}\">\n\t\t\t\t<div class=\"elementor-element elementor-element-7f42860 elementor-widget__width-initial sc_fly_static elementor-widget elementor-widget-heading\" data-id=\"7f42860\" data-element_type=\"widget\" data-widget_type=\"heading.default\">\n\t\t\t\t<div class=\"elementor-widget-container\">\n\t\t\t<h2 class=\"elementor-heading-title elementor-size-default\"><a href=\"https:\/\/binowopark.pl\/pole-18-dolkowe\/\">18-Loch-Meisterschaft<br>Golfplatz<\/a><\/h2>\t\t<\/div>\n\t\t\t\t<\/div>\n\t\t\t\t<\/div>\n\t\t\t\t<\/div>\n\t\t<div class=\"elementor-element elementor-element-b5aa056 e-flex e-con-boxed sc_inner_width_none sc_layouts_column_icons_position_left e-con e-parent\" data-id=\"b5aa056\" data-element_type=\"container\" data-settings=\"{&quot;background_background&quot;:&quot;classic&quot;}\">\n\t\t\t\t\t<div class=\"e-con-inner\">\n\t\t<div class=\"elementor-element elementor-element-d293cb2 e-con-full e-flex sc_inner_width_none sc_layouts_column_icons_position_left e-con e-child\" data-id=\"d293cb2\" data-element_type=\"container\">\n\t\t\t\t<div class=\"elementor-element elementor-element-4e421e5 sc_fly_static elementor-widget elementor-widget-text-editor\" data-id=\"4e421e5\" data-element_type=\"widget\" data-widget_type=\"text-editor.default\">\n\t\t\t\t<div class=\"elementor-widget-container\">\n\t\t\t\t\t\t\t<p>Ihr Platz,<\/p>\n\t\t\t\t\t\t<\/div>\n\t\t\t\t<\/div>\n\t\t\t\t<\/div>\n\t\t<div class=\"elementor-element elementor-element-37a6075 e-con-full e-flex sc_inner_width_none sc_layouts_column_icons_position_left e-con e-child\" data-id=\"37a6075\" data-element_type=\"container\">\n\t\t\t\t<div class=\"elementor-element elementor-element-7c41a40 sc_fly_static elementor-widget elementor-widget-image\" data-id=\"7c41a40\" data-element_type=\"widget\" data-widget_type=\"image.default\">\n\t\t\t\t<div class=\"elementor-widget-container\">\n\t\t\t\t\t\t\t\t\t\t\t\t\t<img fetchpriority=\"high\" decoding=\"async\" width=\"520\" height=\"420\" src=\"https:\/\/binowopark.pl\/wp-content\/uploads\/2024\/04\/Grafika_PilkaGolfowa.png\" class=\"attachment-full size-full wp-image-25172\" alt=\"\" srcset=\"https:\/\/binowopark.pl\/wp-content\/uploads\/2024\/04\/Grafika_PilkaGolfowa.png 520w, https:\/\/binowopark.pl\/wp-content\/uploads\/2024\/04\/Grafika_PilkaGolfowa-300x242.png 300w, https:\/\/binowopark.pl\/wp-content\/uploads\/2024\/04\/Grafika_PilkaGolfowa-370x299.png 370w, https:\/\/binowopark.pl\/wp-content\/uploads\/2024\/04\/Grafika_PilkaGolfowa-410x331.png 410w\" sizes=\"(max-width: 600px) 100vw, 520px\" \/>\t\t\t\t\t\t\t\t\t\t\t\t\t<\/div>\n\t\t\t\t<\/div>\n\t\t\t\t<\/div>\n\t\t<div class=\"elementor-element elementor-element-aee8c3c e-con-full e-flex sc_inner_width_none sc_layouts_column_icons_position_left e-con e-child\" data-id=\"aee8c3c\" data-element_type=\"container\">\n\t\t\t\t<div class=\"elementor-element elementor-element-39c0fdd elementor-widget__width-auto sc_fly_static elementor-widget elementor-widget-text-editor\" data-id=\"39c0fdd\" data-element_type=\"widget\" data-widget_type=\"text-editor.default\">\n\t\t\t\t<div class=\"elementor-widget-container\">\n\t\t\t\t\t\t\t<p>um sich zu beweisen!<\/p>\n\t\t\t\t\t\t<\/div>\n\t\t\t\t<\/div>\n\t\t\t\t<\/div>\n\t\t\t\t\t<\/div>\n\t\t\t\t<\/div>\n\t\t<div class=\"elementor-element elementor-element-16e565b e-flex e-con-boxed sc_inner_width_none sc_layouts_column_icons_position_left e-con e-parent\" data-id=\"16e565b\" data-element_type=\"container\" data-settings=\"{&quot;background_background&quot;:&quot;classic&quot;}\">\n\t\t\t\t\t<div class=\"e-con-inner\">\n\t\t\t\t<div class=\"elementor-element elementor-element-818a0d6 animation_type_block sc_fly_static elementor-invisible elementor-widget elementor-widget-trx_sc_title\" data-id=\"818a0d6\" data-element_type=\"widget\" data-settings=\"{&quot;_animation&quot;:&quot;racquet-fadeinup&quot;}\" data-widget_type=\"trx_sc_title.default\">\n\t\t\t\t<div class=\"elementor-widget-container\">\n\t\t\t<div\t\tclass=\"sc_title sc_title_default\" ><h2 class=\"sc_item_title sc_title_title sc_align_center sc_item_title_style_default sc_item_title_tag trx_addons_inline_726393519\"\n\t\t\t><span class=\"sc_item_title_text\">Beginnen Sie Ihr Abenteuer mit Golf.<\/span><\/h2><\/div>\t\t<\/div>\n\t\t\t\t<\/div>\n\t\t\t\t<div class=\"elementor-element elementor-element-a1e5d00 elementor-widget__width-initial sc_fly_static elementor-widget elementor-widget-text-editor\" data-id=\"a1e5d00\" data-element_type=\"widget\" data-widget_type=\"text-editor.default\">\n\t\t\t\t<div class=\"elementor-widget-container\">\n\t\t\t\t\t\t\t<p class=\"p1\">Testen Sie Ihre F\u00e4higkeiten und verbringen Sie Zeit im Freien.<\/p>\n\t\t\t\t\t\t<\/div>\n\t\t\t\t<\/div>\n\t\t\t\t\t<\/div>\n\t\t\t\t<\/div>\n\t\t\t\t<section class=\"elementor-section elementor-top-section elementor-element elementor-element-91de5ea scheme_default elementor-section-boxed elementor-section-height-default elementor-section-height-default sc_fly_static\" data-id=\"91de5ea\" data-element_type=\"section\" data-settings=\"{&quot;background_background&quot;:&quot;classic&quot;}\">\n\t\t\t\t\t\t<div class=\"elementor-container elementor-column-gap-extended\">\n\t\t\t\t\t<div class=\"elementor-column elementor-col-100 elementor-top-column elementor-element elementor-element-4933c32 sc_inner_width_none sc_content_align_inherit sc_layouts_column_icons_position_left sc_fly_static\" data-id=\"4933c32\" data-element_type=\"column\">\n\t\t\t<div class=\"elementor-widget-wrap elementor-element-populated\">\n\t\t\t\t\t\t<section class=\"elementor-section elementor-inner-section elementor-element elementor-element-70ed362 elementor-section-boxed elementor-section-height-default elementor-section-height-default sc_fly_static\" data-id=\"70ed362\" data-element_type=\"section\" data-settings=\"{&quot;background_background&quot;:&quot;classic&quot;}\">\n\t\t\t\t\t\t<div class=\"elementor-container elementor-column-gap-no\">\n\t\t\t\t\t<div class=\"elementor-column elementor-col-100 elementor-inner-column elementor-element elementor-element-f74af58 sc_inner_width_none sc_content_align_inherit sc_layouts_column_icons_position_left sc_fly_static\" data-id=\"f74af58\" data-element_type=\"column\" data-settings=\"{&quot;background_background&quot;:&quot;classic&quot;}\">\n\t\t\t<div class=\"elementor-widget-wrap elementor-element-populated\">\n\t\t\t\t\t\t<div class=\"elementor-element elementor-element-1429474 no-title sc_fly_static elementor-widget elementor-widget-image\" data-id=\"1429474\" data-element_type=\"widget\" data-widget_type=\"image.default\">\n\t\t\t\t<div class=\"elementor-widget-container\">\n\t\t\t\t\t\t\t\t\t\t\t\t\t<img decoding=\"async\" src=\"https:\/\/binowopark.pl\/wp-content\/uploads\/elementor\/thumbs\/Grafika_RozpocznijSwojaPrzygode-qshqjjjnpeysxpmkuqn4il6l0323speworasfg82n8.jpg\" title=\"Grafika_RozpocznijSwojaPrzygode\" alt=\"Grafika_RozpocznijSwojaPrzygode\" loading=\"lazy\" \/>\t\t\t\t\t\t\t\t\t\t\t\t\t<\/div>\n\t\t\t\t<\/div>\n\t\t\t\t\t<\/div>\n\t\t<\/div>\n\t\t\t\t\t<\/div>\n\t\t<\/section>\n\t\t\t\t<section class=\"elementor-section elementor-inner-section elementor-element elementor-element-cf51c65 elementor-section-boxed elementor-section-height-default elementor-section-height-default sc_fly_static\" data-id=\"cf51c65\" data-element_type=\"section\">\n\t\t\t\t\t\t<div class=\"elementor-container elementor-column-gap-default\">\n\t\t\t\t\t<div class=\"elementor-column elementor-col-33 elementor-inner-column elementor-element elementor-element-9599ec9 scheme_dark sc_inner_width_none sc_content_align_inherit sc_layouts_column_icons_position_left sc_fly_static\" data-id=\"9599ec9\" data-element_type=\"column\" data-settings=\"{&quot;background_background&quot;:&quot;classic&quot;}\">\n\t\t\t<div class=\"elementor-widget-wrap elementor-element-populated\">\n\t\t\t\t\t\t<div class=\"elementor-element elementor-element-a9f23e7 elementor-widget__width-initial elementor-widget-tablet__width-inherit elementor-position-top sc_fly_static elementor-widget elementor-widget-image-box\" data-id=\"a9f23e7\" data-element_type=\"widget\" data-widget_type=\"image-box.default\">\n\t\t\t\t<div class=\"elementor-widget-container\">\n\t\t\t<div class=\"elementor-image-box-wrapper\"><figure class=\"elementor-image-box-img\"><img decoding=\"async\" width=\"150\" height=\"150\" src=\"https:\/\/binowopark.pl\/wp-content\/uploads\/2024\/04\/Pikto_Cennik.png\" class=\"attachment-full size-full wp-image-25885\" alt=\"\" srcset=\"https:\/\/binowopark.pl\/wp-content\/uploads\/2024\/04\/Pikto_Cennik.png 150w, https:\/\/binowopark.pl\/wp-content\/uploads\/2024\/04\/Pikto_Cennik-120x120.png 120w\" sizes=\"(max-width: 150px) 100vw, 150px\" \/><\/figure><div class=\"elementor-image-box-content\"><h3 class=\"elementor-image-box-title\">Preise<\/h3><p class=\"elementor-image-box-description\">Informieren Sie sich \u00fcber die Beispielkosten f\u00fcr die Nutzung unserer Kurse und die verschiedenen Mitgliedschaftsm\u00f6glichkeiten im Golfclub Binowo.<\/p><\/div><\/div>\t\t<\/div>\n\t\t\t\t<\/div>\n\t\t\t\t<div class=\"elementor-element elementor-element-224f5d6 elementor-icon-list--layout-traditional elementor-list-item-link-full_width sc_fly_static elementor-widget elementor-widget-icon-list\" data-id=\"224f5d6\" data-element_type=\"widget\" data-widget_type=\"icon-list.default\">\n\t\t\t\t<div class=\"elementor-widget-container\">\n\t\t\t\t\t<ul class=\"elementor-icon-list-items\">\n\t\t\t\t\t\t\t<li class=\"elementor-icon-list-item\">\n\t\t\t\t\t\t\t\t\t\t\t<a href=\"https:\/\/binowopark.pl\/cennik\/\">\n\n\t\t\t\t\t\t\t\t\t\t\t\t<span class=\"elementor-icon-list-icon\">\n\t\t\t\t\t\t\t<svg xmlns=\"http:\/\/www.w3.org\/2000\/svg\" xmlns:xlink=\"http:\/\/www.w3.org\/1999\/xlink\" id=\"body_1\" width=\"20\" height=\"20\"><g transform=\"matrix(0.3030303 0 0 0.3030303 0 0)\"><g><image x=\"0\" y=\"0\" xlink:href=\"data:image\/png;base64,iVBORw0KGgoAAAANSUhEUgAAAEIAAABCCAMAAADUivDaAAAAIGNIUk0AAHomAACAhAAA+gAAAIDoAAB1MAAA6mAAADqYAAAXcJy6UTwAAAHOUExURf\/\/\/8epccepccepccepccepccepccepccepccepccepccepccepccepccepccepccepccepccepccepccepccepccepccepccepccepccepccepccepccepccepccepccepccepccepccepccepccepccepccepccepccepccepccepccepccepccepccepccepccepccepccepccepccepccepccepccepccepccepccepccepccepccepccepccepccepccepccepccepccepccepccepccepccepccepccepccepccepccepccepccepccepccepccepccepccepccepccepccepccepccepccepccepccepccepccepccepccepccepccepccepccepccepccepccepccepccepccepccepccepccepccepccepccepccepccepccepccepccepccepccepccepccepccepccepccepccepccepccepccepccepccepccepccepccepccepccepccepccepccepccepccepccepccepccepccepccepccepccepccepccepccepccepcf\/\/\/3uwvjIAAACYdFJOUwAUVHKLpb\/Z8yFw+xmE5tODDYH179W79AVq6P7Ddj0kC3jF\/UzbyAwXZLP3SwF++b3CFZEKqWUdzcY0zBwz55lu7UOr7ih\/RU1tbAbH6TWCqBiS0vYjsiJxY8AW\/MR0dTwJvtjX8uAn6tYb4hLU7Ck3tUejWY55mFGsA0EHMvEOJdre5SAQ0Sw6BPqfXYdgnK8ILs8P3PiPxmHg3AAAAAFiS0dEAIgFHUgAAAAJcEhZcwAALiMAAC4jAXilP3YAAAAHdElNRQfoBBYLNR7iWo34AAADdElEQVRYw61YZ0MaQRAdELCR2AVLxIjGaIIahFii2E3U2HtLNEbTe6+m917352bmTuDK3t0eZj9wd2+Gx+3szs4bAIyGw5nmcnvSMzLSPW5XmtMBNkdmliebqUa2JytT\/PvePXsZd+TkeoUI8vILkl8qLCouLipMPvvy8ywJ\/CWlsnNZ+b6KQKUMVgYq9lcFZby0xG\/OUF0T\/70DtRrTwbr6Q5Kl5rAJQaihjHwam+hypFZnDzc3Si\/YEDJiiEQlh2gAjgb5HBCISj8SjfAZWlrJ2tZO94Yc0N5GXsc6eAydMbJ17QTLmMPfRX6xTr2lgxiyuxPPxhzQTbsupnuPCM2ip1eBmHD09qCpVROPUB+C\/QMqzIRjoB9Nfep1GaRZ9GocTTiO01wGlcgJWqohnaMJxxAtf7UiyLQnuziOJhy0LjXJvT5M+2EEbHGMnETLcPwpbxRfagzAHscYTn40nrfj6DUBYJdjAg3j8u2kDzMrALY5AphzvsnES0wB2OeYSrzGNGMzYUiBIzzD2DTdzKJ9DiAVjnqE5\/G6gNdFSIljEdEFvC4xFlyGlDiWEV3CirPC2KoVgxHHKmMrDnCi6ZQ1BZ\/jNGJOSMPPNQEKLseaFAzXTlRT4phHxAVu\/FwXouBwrCPgBg+eVmIMPA48vc7ABibIWdEhHfI+BYBpsgGbbJdj839Q2JrIFgVjZkMzETvhPHceGS44tOG0sagXt9D3UotuUcW31uUr6Hr1mn5rCW\/wSBUt6HUVJm9w0TTz3yDxclMNymkmmOyhW+gdvK1B5WQXO3LgDuOUzJ0jR+jgg7vEkKtF4wefwPELdVS27+ng+PFrXQTgPsaLPXiohRNFwLIUwSPSm02PdXiyFFkURHjylCTetg5XFETzsgzPSFE\/56yZoiybigPwvkDPl6\/0BpU4MJEo8PoN6bi3eoNaohgLJVgvR0vBO45FI5SM5Bq8n0P8A0\/5a+WagWiE0Edy\/MRh0ItGrnQF6SyRdrB28KQrR0DLqcw+cxi4Alov4wG+UIC+croXAxmvbSYwxOT4TZcYJs2EuqUBqMAcYkvfdV5mLY2ysQL4QZ3lz19aF4vGKtneNYfnaVa\/JzV26\/YOEk3mH+p2Y7Mqk1iTCYpWl638Ta3VBWq4fcmam0rDTcObm8Mv4qJtvzR2++eDPIT\/AvkHKWNvDivhIU0AAAAldEVYdGRhdGU6Y3JlYXRlADIwMjQtMDQtMjJUMTE6NTM6MzArMDA6MDC+v2XlAAAAJXRFWHRkYXRlOm1vZGlmeQAyMDI0LTA0LTIyVDExOjUzOjMwKzAwOjAwz+LdWQAAACh0RVh0ZGF0ZTp0aW1lc3RhbXAAMjAyNC0wNC0yMlQxMTo1MzozMCswMDowMJj3\/IYAAAAASUVORK5CYII=\" preserveAspectRatio=\"none\" width=\"66\" height=\"66\"><\/image><\/g><\/g><\/svg>\t\t\t\t\t\t<\/span>\n\t\t\t\t\t\t\t\t\t\t<span class=\"elementor-icon-list-text\">\u00dcberpr\u00fcfen Sie die Preise<\/span>\n\t\t\t\t\t\t\t\t\t\t\t<\/a>\n\t\t\t\t\t\t\t\t\t<\/li>\n\t\t\t\t\t\t<\/ul>\n\t\t\t\t<\/div>\n\t\t\t\t<\/div>\n\t\t\t\t\t<\/div>\n\t\t<\/div>\n\t\t\t\t<div class=\"elementor-column elementor-col-33 elementor-inner-column elementor-element elementor-element-2593436 scheme_dark sc_layouts_hide_on_mobile sc_inner_width_none sc_content_align_inherit sc_layouts_column_icons_position_left sc_fly_static\" data-id=\"2593436\" data-element_type=\"column\">\n\t\t\t<div class=\"elementor-widget-wrap\">\n\t\t\t\t\t\t\t<\/div>\n\t\t<\/div>\n\t\t\t\t<div class=\"elementor-column elementor-col-33 elementor-inner-column elementor-element elementor-element-4ec74c7 scheme_dark sc_inner_width_none sc_content_align_inherit sc_layouts_column_icons_position_left sc_fly_static\" data-id=\"4ec74c7\" data-element_type=\"column\" data-settings=\"{&quot;background_background&quot;:&quot;classic&quot;}\">\n\t\t\t<div class=\"elementor-widget-wrap elementor-element-populated\">\n\t\t\t\t\t\t<div class=\"elementor-element elementor-element-88ca686 elementor-widget__width-initial elementor-widget-tablet__width-inherit elementor-position-top sc_fly_static elementor-widget elementor-widget-image-box\" data-id=\"88ca686\" data-element_type=\"widget\" data-widget_type=\"image-box.default\">\n\t\t\t\t<div class=\"elementor-widget-container\">\n\t\t\t<div class=\"elementor-image-box-wrapper\"><figure class=\"elementor-image-box-img\"><img loading=\"lazy\" decoding=\"async\" width=\"150\" height=\"150\" src=\"https:\/\/binowopark.pl\/wp-content\/uploads\/2024\/04\/Pikto_HoleInOne.png\" class=\"attachment-full size-full wp-image-25886\" alt=\"\" srcset=\"https:\/\/binowopark.pl\/wp-content\/uploads\/2024\/04\/Pikto_HoleInOne.png 150w, https:\/\/binowopark.pl\/wp-content\/uploads\/2024\/04\/Pikto_HoleInOne-120x120.png 120w\" sizes=\"(max-width: 150px) 100vw, 150px\" \/><\/figure><div class=\"elementor-image-box-content\"><h3 class=\"elementor-image-box-title\">Hole in One<\/h3><p class=\"elementor-image-box-description\">Sehen Sie, wer dieses einzigartige Ergebnis auf unseren Feldern erzielt hat.<\/p><\/div><\/div>\t\t<\/div>\n\t\t\t\t<\/div>\n\t\t\t\t<div class=\"elementor-element elementor-element-1cef2ed elementor-icon-list--layout-traditional elementor-list-item-link-full_width sc_fly_static elementor-widget elementor-widget-icon-list\" data-id=\"1cef2ed\" data-element_type=\"widget\" data-widget_type=\"icon-list.default\">\n\t\t\t\t<div class=\"elementor-widget-container\">\n\t\t\t\t\t<ul class=\"elementor-icon-list-items\">\n\t\t\t\t\t\t\t<li class=\"elementor-icon-list-item\">\n\t\t\t\t\t\t\t\t\t\t\t<a href=\"https:\/\/binowopark.pl\/hole-in-one\/\">\n\n\t\t\t\t\t\t\t\t\t\t\t\t<span class=\"elementor-icon-list-icon\">\n\t\t\t\t\t\t\t<svg xmlns=\"http:\/\/www.w3.org\/2000\/svg\" xmlns:xlink=\"http:\/\/www.w3.org\/1999\/xlink\" id=\"body_1\" width=\"20\" height=\"20\"><g transform=\"matrix(0.3030303 0 0 0.3030303 0 0)\"><g><image x=\"0\" y=\"0\" xlink:href=\"data:image\/png;base64,iVBORw0KGgoAAAANSUhEUgAAAEIAAABCCAMAAADUivDaAAAAIGNIUk0AAHomAACAhAAA+gAAAIDoAAB1MAAA6mAAADqYAAAXcJy6UTwAAAHOUExURf\/\/\/8epccepccepccepccepccepccepccepccepccepccepccepccepccepccepccepccepccepccepccepccepccepccepccepccepccepccepccepccepccepccepccepccepccepccepccepccepccepccepccepccepccepccepccepccepccepccepccepccepccepccepccepccepccepccepccepccepccepccepccepccepccepccepccepccepccepccepccepccepccepccepccepccepccepccepccepccepccepccepccepccepccepccepccepccepccepccepccepccepccepccepccepccepccepccepccepccepccepccepccepccepccepccepccepccepccepccepccepccepccepccepccepccepccepccepccepccepccepccepccepccepccepccepccepccepccepccepccepccepccepccepccepccepccepccepccepccepccepccepccepccepccepccepccepccepccepccepccepccepccepccepccepcf\/\/\/3uwvjIAAACYdFJOUwAUVHKLpb\/Z8yFw+xmE5tODDYH179W79AVq6P7Ddj0kC3jF\/UzbyAwXZLP3SwF++b3CFZEKqWUdzcY0zBwz55lu7UOr7ih\/RU1tbAbH6TWCqBiS0vYjsiJxY8AW\/MR0dTwJvtjX8uAn6tYb4hLU7Ck3tUejWY55mFGsA0EHMvEOJdre5SAQ0Sw6BPqfXYdgnK8ILs8P3PiPxmHg3AAAAAFiS0dEAIgFHUgAAAAJcEhZcwAALiMAAC4jAXilP3YAAAAHdElNRQfoBBYLNR7iWo34AAADdElEQVRYw61YZ0MaQRAdELCR2AVLxIjGaIIahFii2E3U2HtLNEbTe6+m917352bmTuDK3t0eZj9wd2+Gx+3szs4bAIyGw5nmcnvSMzLSPW5XmtMBNkdmliebqUa2JytT\/PvePXsZd+TkeoUI8vILkl8qLCouLipMPvvy8ywJ\/CWlsnNZ+b6KQKUMVgYq9lcFZby0xG\/OUF0T\/70DtRrTwbr6Q5Kl5rAJQaihjHwam+hypFZnDzc3Si\/YEDJiiEQlh2gAjgb5HBCISj8SjfAZWlrJ2tZO94Yc0N5GXsc6eAydMbJ17QTLmMPfRX6xTr2lgxiyuxPPxhzQTbsupnuPCM2ip1eBmHD09qCpVROPUB+C\/QMqzIRjoB9Nfep1GaRZ9GocTTiO01wGlcgJWqohnaMJxxAtf7UiyLQnuziOJhy0LjXJvT5M+2EEbHGMnETLcPwpbxRfagzAHscYTn40nrfj6DUBYJdjAg3j8u2kDzMrALY5AphzvsnES0wB2OeYSrzGNGMzYUiBIzzD2DTdzKJ9DiAVjnqE5\/G6gNdFSIljEdEFvC4xFlyGlDiWEV3CirPC2KoVgxHHKmMrDnCi6ZQ1BZ\/jNGJOSMPPNQEKLseaFAzXTlRT4phHxAVu\/FwXouBwrCPgBg+eVmIMPA48vc7ABibIWdEhHfI+BYBpsgGbbJdj839Q2JrIFgVjZkMzETvhPHceGS44tOG0sagXt9D3UotuUcW31uUr6Hr1mn5rCW\/wSBUt6HUVJm9w0TTz3yDxclMNymkmmOyhW+gdvK1B5WQXO3LgDuOUzJ0jR+jgg7vEkKtF4wefwPELdVS27+ng+PFrXQTgPsaLPXiohRNFwLIUwSPSm02PdXiyFFkURHjylCTetg5XFETzsgzPSFE\/56yZoiybigPwvkDPl6\/0BpU4MJEo8PoN6bi3eoNaohgLJVgvR0vBO45FI5SM5Bq8n0P8A0\/5a+WagWiE0Edy\/MRh0ItGrnQF6SyRdrB28KQrR0DLqcw+cxi4Alov4wG+UIC+croXAxmvbSYwxOT4TZcYJs2EuqUBqMAcYkvfdV5mLY2ysQL4QZ3lz19aF4vGKtneNYfnaVa\/JzV26\/YOEk3mH+p2Y7Mqk1iTCYpWl638Ta3VBWq4fcmam0rDTcObm8Mv4qJtvzR2++eDPIT\/AvkHKWNvDivhIU0AAAAldEVYdGRhdGU6Y3JlYXRlADIwMjQtMDQtMjJUMTE6NTM6MzArMDA6MDC+v2XlAAAAJXRFWHRkYXRlOm1vZGlmeQAyMDI0LTA0LTIyVDExOjUzOjMwKzAwOjAwz+LdWQAAACh0RVh0ZGF0ZTp0aW1lc3RhbXAAMjAyNC0wNC0yMlQxMTo1MzozMCswMDowMJj3\/IYAAAAASUVORK5CYII=\" preserveAspectRatio=\"none\" width=\"66\" height=\"66\"><\/image><\/g><\/g><\/svg>\t\t\t\t\t\t<\/span>\n\t\t\t\t\t\t\t\t\t\t<span class=\"elementor-icon-list-text\">\u00dcberpr\u00fcfen Sie die Ergebnisse<\/span>\n\t\t\t\t\t\t\t\t\t\t\t<\/a>\n\t\t\t\t\t\t\t\t\t<\/li>\n\t\t\t\t\t\t<\/ul>\n\t\t\t\t<\/div>\n\t\t\t\t<\/div>\n\t\t\t\t\t<\/div>\n\t\t<\/div>\n\t\t\t\t\t<\/div>\n\t\t<\/section>\n\t\t\t\t\t<\/div>\n\t\t<\/div>\n\t\t\t\t\t<\/div>\n\t\t<\/section>\n\t\t\t\t<section class=\"elementor-section elementor-top-section elementor-element elementor-element-c078369 elementor-section-boxed elementor-section-height-default elementor-section-height-default sc_fly_static\" data-id=\"c078369\" data-element_type=\"section\" data-settings=\"{&quot;background_background&quot;:&quot;classic&quot;}\">\n\t\t\t\t\t\t<div class=\"elementor-container elementor-column-gap-extended\">\n\t\t\t\t\t<div class=\"elementor-column elementor-col-100 elementor-top-column elementor-element elementor-element-1ceea0d sc_inner_width_none sc_content_align_inherit sc_layouts_column_icons_position_left sc_fly_static\" data-id=\"1ceea0d\" data-element_type=\"column\">\n\t\t\t<div class=\"elementor-widget-wrap elementor-element-populated\">\n\t\t\t\t\t\t<div class=\"elementor-element elementor-element-46b00d3 sc_fly_static elementor-widget elementor-widget-trx_sc_title\" data-id=\"46b00d3\" data-element_type=\"widget\" data-widget_type=\"trx_sc_title.default\">\n\t\t\t\t<div class=\"elementor-widget-container\">\n\t\t\t<div\t\tclass=\"sc_title sc_title_default\" ><h2 class=\"sc_item_title sc_title_title sc_align_center sc_item_title_style_default sc_item_title_tag trx_addons_inline_667405889\"\n\t\t\t><span class=\"sc_item_title_text\">M\u00f6chten Sie Einzelheiten zu den von uns organisierten Veranstaltungen erfahren?<\/span><\/h2><\/div>\t\t<\/div>\n\t\t\t\t<\/div>\n\t\t\t\t<div class=\"elementor-element elementor-element-705c065 sc_fly_static elementor-widget elementor-widget-image\" data-id=\"705c065\" data-element_type=\"widget\" data-widget_type=\"image.default\">\n\t\t\t\t<div class=\"elementor-widget-container\">\n\t\t\t\t\t\t\t\t\t\t\t\t\t<img decoding=\"async\" width=\"55\" height=\"55\" src=\"https:\/\/binowopark.pl\/wp-content\/uploads\/2024\/04\/Piktogram_Strzalka.png\" class=\"attachment-full size-full wp-image-25197\" alt=\"\" \/>\t\t\t\t\t\t\t\t\t\t\t\t\t<\/div>\n\t\t\t\t<\/div>\n\t\t\t\t\t<\/div>\n\t\t<\/div>\n\t\t\t\t\t<\/div>\n\t\t<\/section>\n\t\t\t\t<\/div>\n\t\t","protected":false},"excerpt":{"rendered":"<p>Golfpl\u00e4tze Wir sind einer der \u00e4ltesten Golfpl\u00e4tze in Polen \u2013 der 1999 am Rande des Bukowa-Waldes gegr\u00fcndete Golfclub Binowo Park bietet Ihnen 2 Golfpl\u00e4tze, die auf die Bed\u00fcrfnisse von Anf\u00e4ngern&hellip;<\/p>\n","protected":false},"author":1,"featured_media":0,"parent":0,"menu_order":0,"comment_status":"closed","ping_status":"closed","template":"","meta":{"_acf_changed":false,"footnotes":""},"class_list":["post-28965","page","type-page","status-publish","hentry"],"acf":[],"_links":{"self":[{"href":"https:\/\/binowopark.pl\/de\/wp-json\/wp\/v2\/pages\/28965"}],"collection":[{"href":"https:\/\/binowopark.pl\/de\/wp-json\/wp\/v2\/pages"}],"about":[{"href":"https:\/\/binowopark.pl\/de\/wp-json\/wp\/v2\/types\/page"}],"author":[{"embeddable":true,"href":"https:\/\/binowopark.pl\/de\/wp-json\/wp\/v2\/users\/1"}],"replies":[{"embeddable":true,"href":"https:\/\/binowopark.pl\/de\/wp-json\/wp\/v2\/comments?post=28965"}],"version-history":[{"count":4,"href":"https:\/\/binowopark.pl\/de\/wp-json\/wp\/v2\/pages\/28965\/revisions"}],"predecessor-version":[{"id":29080,"href":"https:\/\/binowopark.pl\/de\/wp-json\/wp\/v2\/pages\/28965\/revisions\/29080"}],"wp:attachment":[{"href":"https:\/\/binowopark.pl\/de\/wp-json\/wp\/v2\/media?parent=28965"}],"curies":[{"name":"wp","href":"https:\/\/api.w.org\/{rel}","templated":true}]}}