{"id":27975,"date":"2024-07-01T07:34:48","date_gmt":"2024-07-01T07:34:48","guid":{"rendered":"https:\/\/binowopark.pl\/association-statute\/"},"modified":"2024-10-04T11:59:11","modified_gmt":"2024-10-04T11:59:11","slug":"association-statute","status":"publish","type":"page","link":"https:\/\/binowopark.pl\/en\/association-statute\/","title":{"rendered":"Association Statute"},"content":{"rendered":"\t\t<div data-elementor-type=\"wp-page\" data-elementor-id=\"27975\" class=\"elementor elementor-27975 elementor-26231\" data-elementor-post-type=\"page\">\n\t\t\t\t<div class=\"elementor-element elementor-element-7c39ad8 e-flex e-con-boxed sc_inner_width_none sc_layouts_column_icons_position_left e-con e-parent\" data-id=\"7c39ad8\" data-element_type=\"container\" data-settings=\"{&quot;background_background&quot;:&quot;classic&quot;}\">\n\t\t\t\t\t<div class=\"e-con-inner\">\n\t\t\t\t<div class=\"elementor-element elementor-element-40eabc4 sc_fly_static elementor-widget elementor-widget-heading\" data-id=\"40eabc4\" data-element_type=\"widget\" data-widget_type=\"heading.default\">\n\t\t\t\t<div class=\"elementor-widget-container\">\n\t\t\t<h1 class=\"elementor-heading-title elementor-size-default\">Association Statute<\/h1>\t\t<\/div>\n\t\t\t\t<\/div>\n\t\t\t\t<div class=\"elementor-element elementor-element-61fa663 sc_fly_static elementor-widget elementor-widget-image\" data-id=\"61fa663\" data-element_type=\"widget\" data-widget_type=\"image.default\">\n\t\t\t\t<div class=\"elementor-widget-container\">\n\t\t\t\t\t\t\t\t\t\t\t\t\t<img decoding=\"async\" width=\"55\" height=\"55\" src=\"https:\/\/binowopark.pl\/wp-content\/uploads\/2024\/04\/Piktogram_Strzalka.png\" class=\"attachment-full size-full wp-image-25197\" alt=\"\" \/>\t\t\t\t\t\t\t\t\t\t\t\t\t<\/div>\n\t\t\t\t<\/div>\n\t\t\t\t<div class=\"elementor-element elementor-element-42a5b09 elementor-widget__width-inherit sc_fly_static elementor-widget elementor-widget-text-editor\" data-id=\"42a5b09\" data-element_type=\"widget\" data-widget_type=\"text-editor.default\">\n\t\t\t\t<div class=\"elementor-widget-container\">\n\t\t\t\t\t\t\t<p align=\"center\"><strong>Chapter I<\/strong><\/p><p align=\"center\"><strong>General Provisions<\/strong><\/p><p align=\"center\"><strong>\u00a7 1<\/strong><\/p><p>1. The club is called &#8220;Binowo Park Golf Club&#8221; and is referred to as the Club further in the text.<\/p><p>2. The Club operates based on the Act of January 18, 1996, on Physical Culture (Journal of Laws No. 25, item 113, as amended) and this statute.<\/p><p align=\"center\"><strong>\u00a7 2<\/strong><\/p><p>The Club has the right to use its badge\u2014a distinctive graphic symbol and seal following applicable regulations.<\/p><p align=\"center\"><strong>\u00a7 3<\/strong><\/p><p>The area of the Club&#8217;s operation is the West Pomeranian Voivodeship, and its seat is Stare Czarnowo. If the seat is changed, the Club&#8217;s name will be changed in the prescribed manner by changing the place name &#8220;Binowo&#8221; to the name of the new seat.<\/p><p align=\"center\"><strong>\u00a7 4<\/strong><\/p><p>The Club&#8217;s activities are primarily based on social activities. Performing functions in the authorities may be paid, which does not exclude the reimbursement of costs incurred by the authorities&#8217; members in connection with the performance of specific tasks.<\/p><p align=\"center\"><strong>\u00a7 5<\/strong><\/p><p>The Club may join associations of clubs, hereinafter referred to as sports associations.<\/p><p align=\"center\"><strong>Chapter II<\/strong><\/p><p align=\"center\"><strong>Goals of the Club and ways to achieve them<\/strong><\/p><p align=\"center\"><strong>\u00a7 6<\/strong><\/p><p>The Club&#8217;s goal is:<\/p><p>1. Organization and popularization of golf;<\/p><p>2. Developing and protecting the principles of golf;<\/p><p>3. Promoting and supporting competitive golf;<\/p><p>4. Organizing sports and recreational events;<\/p><p>5. Participation in sports competition in golf;<\/p><p>6. Participation in national and international sports organizations related to golf;<\/p><p>7. Training and improving players, coaches, and golf instructors.<\/p><p align=\"center\"><strong>\u00a7 7<\/strong><\/p><p>The method of achieving the statutory goals will be to undertake all available, lawful activities, in particular:<\/p><p>1. Selection of Club members who meet all the criteria adopted for a high level of culture, ethics, and dignity;<\/p><p>2. Conducting training, educational, and promotional activities in golf;<\/p><p>3. Conducting informational activities;<\/p><p>4. Organizing sports and recreational events and participating in them;<\/p><p>5. Conducting business activities for statutory purposes and raising funds from other sources;<\/p><p>6. Cooperation with other sports associations, domestic, foreign, and international sports associations, participation in sports qualifications, and membership in the Polish Golf Association.<\/p><p align=\"center\"><strong>Chapter III<\/strong><\/p><p align=\"center\"><strong>Club Members, their rights, and obligations<\/strong><\/p><p align=\"center\"><strong>\u00a7 8<\/strong><\/p><p>1. Membership is based on:<\/p><p>a) Acquisition by natural and legal persons of membership in the Binowo Park Golf Club;<\/p><p>b) Club membership is implemented on civil law principles and involves acquiring the right to use club services for golf and other forms of active recreation provided by the Club for members under the conditions specified in these principles. Club services also include participation in sports competitions as a competitor and on social terms.<\/p><p>2. Club members are divided into:<\/p><p>a) Ordinary members;<\/p><p>b) Honorary members;<\/p><p>c) Company members;<\/p><p>d) Juniors;<\/p><p>e) Passive members;<\/p><p>f) Temporary members.<\/p><p>3. Club members may be Polish citizens or foreigners residing in the territory of the Republic of Poland and those not residing in the territory of the Republic of Poland.<\/p><p>4. Each person applying for membership submits a written application to the President of the Board. Admission to membership is based on a resolution of the Board.<\/p><p>5. Before admitting a candidate to membership, the accepting body checks whether the candidate meets the criteria and requirements set out in the Club&#8217;s statute.<\/p><p>6. Admission to the Club is considered done when the initial and annual club fees set by the Board each year are paid, and the accepting body approves the candidate&#8217;s membership.<\/p><p>7. Admission to Club membership does not prevent membership in other national or foreign golf clubs.<\/p><p align=\"center\"><strong>\u00a7 9<\/strong><\/p><p>Rights and Obligations of Members:<\/p><p>1. Club members have the right to:<\/p><p>a) Active and passive voting rights in Club authorities;<\/p><p>b) Participation in the General Meeting of Members with the right to vote;<\/p><p>c) Participation in events organized by the Club under resolutions adopted by the Board;<\/p><p>d) Submitting applications to the Club authorities;<\/p><p>e) Protection of their rights by the Club.<\/p><p>2. Club members are obliged to:<\/p><p>a) Comply with the provisions of the statute and resolutions of the Club authorities;<\/p><p>b) Promote golf;<\/p><p>c) Refrain from any activity that could damage the good name of the Club or its goals;<\/p><p>d) Actively participate in achieving the Club&#8217;s goals;<\/p><p>e) Actively participate in the Club&#8217;s work, protect and respect the Club&#8217;s equipment and facilities, and combat wasteful practices;<\/p><p>f) Participate\u2014according to their capabilities\u2014in sports events organized by the Club;<\/p><p>g) Pay the initial and annual club fees in the amount set by the Board.<\/p><p>3. The Board sets the amount of the initial and annual club fees:<\/p><p>a) The initial club fee is paid by the candidate in the manner specified in a resolution of the Board;<\/p><p>b) The annual club fee will be paid no later than January 31 of each year. The Club&#8217;s Board will indicate how and where to pay the fee;<\/p><p>c) Non-payment of the annual club fee by March 30 results in membership termination.<\/p><p align=\"center\"><strong>\u00a7 10<\/strong><\/p><p><strong>Ordinary Member<\/strong><\/p><p>An ordinary member of the Club may be any person who has reached the age of 18 if:<\/p><p>a) Submitted a written declaration to the Board to be admitted to Club membership;<\/p><p>b) Paid the initial and annual club fees;<\/p><p>c) Was admitted by resolution by the Board.<\/p><p align=\"center\"><strong>\u00a7 11<\/strong><\/p><p><strong>Honorary Member<\/strong><\/p><p>1. Honorary membership is awarded by the Board based on a resolution for individuals particularly deserving of the Club;<\/p><p>2. An honorary member may also be a foreigner residing in the territory of the Republic of Poland and those not residing in the territory of the Republic of Poland;<\/p><p>3. An honorary member has the rights of a Club member, except for the right to vote and be elected and the right to vote at the General Meeting of Members;<\/p><p>4. Honorary membership is a lifetime personal right and is not inheritable;<\/p><p>5. An honorary member is obliged to comply with the rules set out in \u00a7 9 point 2 of this statute;<\/p><p>6. An honorary member is exempt from paying the initial and annual club fees.<\/p><p align=\"center\"><strong>\u00a7 12<\/strong><\/p><p><strong>Supporting Member<\/strong><\/p><p>1. A company member becomes a legal entity that meets the following conditions:<\/p><p>a) Submits a written declaration to the Board to be admitted to Club membership;<\/p><p>b) Pays the initial and annual club fees;<\/p><p>c) Is admitted by resolution by the Board.<\/p><p>2. A company member, for the duration of their membership in the Club, appoints their representative with the right to participate in the General Meeting of Members and to speak, but without voting rights (advisory vote). A company member does not have active and passive voting rights.<\/p><p>3. The obligations of a company member are equivalent to the obligations of an ordinary member regulated in \u00a7 9 point 2.<\/p><p align=\"center\"><strong>\u00a7 13<\/strong><\/p><p><strong>Junior Member<\/strong><\/p><p>1. A junior member is a person under 18.<\/p><p>2. For a junior member up to the age of 18, the initial and annual fees are paid by a person with the rights and obligations of a guardian. The detailed rules for using the member&#8217;s rights will be determined by the Club&#8217;s Board by resolutions adopted for each season separately.<\/p><p>2. The next annual club fee will be paid no later than December 30 of each year.<\/p><p>4. A junior member, during their membership in the Club, has the right to:<\/p><p>a) Use the title &#8220;Junior Club Member&#8221;<\/p><p>b) Enjoy all the rights of a member without voting rights at the General Meeting of Members and without active and passive voting rights.<\/p><p align=\"center\"><strong>\u00a7 14<\/strong><\/p><p><strong>Passive Member<\/strong><\/p><p>1. A passive member is a person who cannot use the Club&#8217;s services in a given year.<\/p><p>2. A passive member can become one by submitting a relevant application to the Club&#8217;s Board by December 31.<\/p><p>3. A passive member is entitled only to passive voting rights and is exempt from performing the duties listed in \u00a7 9 point 2.<\/p><p align=\"center\"><strong>\u00a7 15<\/strong><\/p><p><strong>Temporary Member<\/strong><\/p><p>1. A temporary member is a person who:<\/p><p>a) Submits a written declaration to be admitted to temporary Club membership;<\/p><p>b) Pays the initial and annual club fees;<\/p><p>c) Is admitted by resolution by the Board;<\/p><p>d) Membership in the Club will only last for one year.<\/p><p>2. A temporary member has all the rights without voting rights and without active and passive voting rights.<\/p><p align=\"center\"><strong>\u00a7 16<\/strong><\/p><p>1. Club membership ceases in the event of:<\/p><p>a) Voluntary resignation submitted to the Board in writing;<\/p><p>b) Expulsion from the Club by a final judgment of the Disciplinary Court;<\/p><p>c) Failure to pay the club fee by the end of March each year;<\/p><p>d) Loss of legal personality by a legal entity;<\/p><p>e) Total loss of legal capacity;<\/p><p>f) Dissolution or liquidation of the Club;<\/p><p>g) Death of a member.<\/p><p>2. Each member may resign from the Club without giving a reason at the end of each calendar year. The resignation should be submitted by October 31 of the current year for the following year. The date of submission of the resignation is determined by the postmark date.<\/p><p>3. After resigning or expulsion from the Club, they lose all rights related to membership and cannot transfer them to others. They are obliged to pay all applicable fees at that time. Fees already paid to the Club are non-refundable after membership ceases.<\/p><p>4. An appeal against the Club Board&#8217;s decision declaring Club membership cessation may be submitted to the General Meeting of Members. The appeal should be submitted in writing within 30 days from the date of delivery of the Club Board&#8217;s decision and through the Club. In this case, the General Meeting of Members makes the final decision.<\/p><p>5. The decision of the Club Board to expel a member is subject to appeal to the General Meeting of Members.<\/p><p align=\"center\"><strong>Chapter IV<\/strong><\/p><p align=\"center\"><strong>Club Authorities<\/strong><\/p><p align=\"center\"><strong>\u00a7 17<\/strong><\/p><p>1. Specific rules for the use of member rights will be established by the Club Board through resolutions adopted for each season separately.<\/p><p>2. The authorities of the Club are:<\/p><p>a) General Meeting of Members;<\/p><p>b) Management Board;<\/p><p>c) Audit Committee;<\/p><p>d) Court of Peers.<\/p><p>3. The term of office of the Board, Audit Committee and Peer Court is 4 years, and their election takes place in an open or secret ballot. The method of voting is decided by the General Meeting of Members by a simple majority of votes.<\/p><p align=\"center\"><strong>\u00a7 18<\/strong><\/p><p><strong>General Meeting of Members<\/strong><\/p><p>1. The General Meeting of Members is the highest Club authority.<\/p><ol start=\"2\" type=\"1\"><li>The General Meeting of Members is convened by the Management Board at least once a year, by June 30 of each year. Additionally, it is called as necessary: at the initiative of the Management Board, at the request of the Audit Committee, or at the request of 1\/3 of the total number of Club members, within one month of submitting the request.\u00a0<\/li><\/ol><p>3. The competencies of the General Meeting of Members include:<\/p><p>a) Ustalenie programu dzia\u0142ania Klubu;<\/p><p>b) Wyb\u00f3r i odwo\u0142anie Zarz\u0105du, Komisji Rewizyjnej, Sadu Kole\u017ce\u0144skiego oraz poszczeg\u00f3lnych cz\u0142onk\u00f3w tych w\u0142adz;<\/p><p>c) Rozpatrywanie i zatwierdzanie sprawozda\u0144 Zarz\u0105du i Komisji Rewizyjnej;<\/p><p>d) Udzielanie absolutorium Zarz\u0105dowi Klubu;<\/p><p>e) Podejmowanie uchwa\u0142 w sprawach wniesionych przez Zarz\u0105d, Komisj\u0119 Rewizyjn\u0105 i cz\u0142onk\u00f3w Klubu;<\/p><p>f) Rozpoznawanie odwo\u0142a\u0144 od decyzji Sadu Kole\u017ce\u0144skiego.<\/p><p>4. W Walnym Zebraniu Cz\u0142onk\u00f3w bior\u0105 udzia\u0142 cz\u0142onkowie stosownie do ich uprawnie\u0144 wynikaj\u0105cych z przepis\u00f3w o prawach i obowi\u0105zkach w poszczeg\u00f3lnych typach cz\u0142onk\u00f3w. Na zaproszenie Zarz\u0105du mog\u0105 bra\u0107 udzia\u0142 w Walnym Zebraniu Cz\u0142onk\u00f3w inne osoby z g\u0142osem doradczym.<\/p><p>5. Walne Zebranie Cz\u0142onk\u00f3w jest prawomocne o ile jego cz\u0142onkowie \u2013 uprawnieni do g\u0142osowania \u2013 zostali zawiadomieni listami poleconymi, telefaxami lub poczt\u0105 elektroniczn\u0105, wys\u0142an\u0105 na 14 dni przed terminem, ze wskazaniem porz\u0105dku obrad.<\/p><p>6. Uchwa\u0142y Walnego Zebrania Cz\u0142onk\u00f3w zapadaj\u0105 zwyk\u0142a wi\u0119kszo\u015bci\u0105 oddanych g\u0142os\u00f3w przy obecno\u015bci przynajmniej 50 % + 1 cz\u0142onk\u00f3w Klubu uprawnionych do g\u0142osowania z wyj\u0105tkiem spraw dotycz\u0105cy zmian statutu, wyboru i odwo\u0142ania Zarz\u0105du, Komisji Rewizyjne, Sadu Kole\u017ce\u0144skiego oraz poszczeg\u00f3lnych cz\u0142onk\u00f3w tych w\u0142adz, a tak\u017ce rozwi\u0105zania Klubu- w tych przypadkach wymagana jest wi\u0119kszo\u015b\u0107 \u00be g\u0142os\u00f3w.<\/p><ol start=\"7\" type=\"1\"><li>W przypadku braku wymaganego quorum obecno\u015bci, o kt\u00f3rym mowa w pkt. 6, Walne Zebranie Cz\u0142onk\u00f3w zwo\u0142ywane jest w drugim terminie, tj. 30 min. po jego pierwszym terminie. Walne Zebranie Cz\u0142onk\u00f3w zwo\u0142ywane w drugim terminie podejmuje uchwa\u0142y bez wzgl\u0119du na liczb\u0119 obecnych uprawnionych do g\u0142osowania cz\u0142onk\u00f3w Klubu<\/li><\/ol><p>8. Cz\u0142onkowie zwyczajni mog\u0105 bra\u0107 udzia\u0142 w Walnym Zebraniu Cz\u0142onk\u00f3w poprzez ustanowionych przez siebie pe\u0142nomocnik\u00f3w. Pe\u0142nomocnictwo powinno by\u0107 udzielone w formie pisemnej pod rygorem niewa\u017cno\u015bci. Pe\u0142nomocnikiem nie mo\u017ce by\u0107 inny cz\u0142onek Klubu.<\/p><p>9. Spos\u00f3b, zasady prowadzenia i dokumentowania posiedze\u0144 Walnego Zebrania Cz\u0142onk\u00f3w okre\u015bla jego regulamin.<\/p><p align=\"center\"><strong>\u00a7 19<\/strong><\/p><p><strong>Zarz\u0105d<\/strong><\/p><p>1. Zarz\u0105d sk\u0142ada si\u0119 z trzech do o\u015bmiu cz\u0142onk\u00f3w powo\u0142ywanych i odwo\u0142ywanych przez Walne Zebranie Cz\u0142onk\u00f3w.<\/p><p>2. Zarz\u0105d wybiera ze swego grona Prezesa Zarz\u0105du oraz ustala funkcje pozosta\u0142ych Cz\u0142onk\u00f3w Zarz\u0105du.<\/p><p>3. Do reprezentacji Klubu, do sk\u0142adania w jego imieniu o\u015bwiadcze\u0144, podpisywania i podejmowania zobowi\u0105za\u0144 maj\u0105tkowych wystarczy dzia\u0142anie jednoosobowe Prezesa Zarz\u0105du lub wsp\u00f3\u0142dzia\u0142anie dw\u00f3ch innych Cz\u0142onk\u00f3w Zarz\u0105du.<\/p><p>4. Do kompetencji Zarz\u0105du Klubu nale\u017cy:<\/p><p>a) Bie\u017c\u0105ce kierowanie pracami Klubu;<\/p><p>b) Realizacja uchwa\u0142\u0105 Walnego Zebrania Cz\u0142onk\u00f3w oraz wniosk\u00f3w i zalece\u0144 Komisji Rewizyjnej;<\/p><p>c) Opracowywanie program\u00f3w dzia\u0142alno\u015bci Klubu;<\/p><p>d) Ustalenie okre\u015blonych plan\u00f3w dzia\u0142alno\u015bci oraz preliminarzy bud\u017cetowych;<\/p><p>e) Zarz\u0105dzenie maj\u0105tkiem oraz funduszami Klubu;<\/p><p>f) Podejmowanie decyzji w sprawie przyst\u0105pienia Klubu do zwi\u0105zk\u00f3w stowarzysze\u0144 kultury fizycznej;<\/p><p>g) Podejmowanie decyzji w sprawach przyj\u0119cia cz\u0142onka oraz ustania cz\u0142onkostwa Klubu;<\/p><p>h) Nadawanie godno\u015bci cz\u0142onka honorowego;<\/p><p>i) Wyr\u00f3\u017cnianie cz\u0142onk\u00f3w Klubu;<\/p><p>j) Powo\u0142ywanie komisji problemowych oraz ustalanie dla nich zasad dzia\u0142ania;<\/p><p>k) Zatwierdzenie regulamin\u00f3w dotycz\u0105cych dzia\u0142alno\u015bci Klubu;<\/p><p>l) Ocena dzia\u0142alno\u015bci cz\u0142onk\u00f3w Klubu.<\/p><p>5. Uchwa\u0142y Zarz\u0105du zapadaj\u0105 zwyk\u0142\u0105 wi\u0119kszo\u015bci\u0105 g\u0142os\u00f3w, przy obecno\u015bci przynajmniej 50 % cz\u0142onk\u00f3w Zarz\u0105du. Przy r\u00f3wno\u015bci g\u0142os\u00f3w decyduje g\u0142os Prezesa Zarz\u0105du lub cz\u0142onka Zarz\u0105du w przypadku gdy przewodniczy on posiedzeniu Zarz\u0105du.<\/p><p>6. W przypadku zmniejszenia si\u0119 liczby Cz\u0142onk\u00f3w Zarz\u0105du poni\u017cej trzech os\u00f3b, Walne Zgromadzenie przeprowadza wybory uzupe\u0142niaj\u0105ce.<\/p><p>7. Zarz\u0105d sporz\u0105dza projekt regulaminu swojego dzia\u0142ania, kt\u00f3ry przedstawia do uchwalenia Walnemu Zebraniu Cz\u0142onk\u00f3w.<\/p><p align=\"center\"><strong>\u00a7 20<\/strong><\/p><p><strong>Audit Committee<\/strong><\/p><p>1. The Audit Committee is the control authority of the Club, competent to control all Club activities.<\/p><p>2. W sk\u0142ad Komisji Rewizyjnej nie mog\u0105 wchodzi\u0107 cz\u0142onkowie Zarz\u0105du.<\/p><p>3. Komisja Rewizyjna wybiera ze swojego grona Przewodnicz\u0105cego, Wiceprzewodnicz\u0105cego oraz Sekretarza.<\/p><p>4. W przypadku zmniejszenia si\u0119 liczby cz\u0142onk\u00f3w Komisji Rewizyjnej poni\u017cej trzech, Walne Zebranie Cz\u0142onk\u00f3w przeprowadza wybory uzupe\u0142niaj\u0105ce.<\/p><p>5. Uchwa\u0142y Komisji Rewizyjnej zapadaj\u0105 zwyk\u0142\u0105 wi\u0119kszo\u015bci\u0105 g\u0142os\u00f3w, przy obecno\u015bci 50 % cz\u0142onk\u00f3w Komisji. Uchwa\u0142y dotycz\u0105ce przyj\u0119cia sprawozdania Komisji oraz w sprawie wniosk\u00f3w o udzielenie Zarz\u0105dowi absolutorium wymagaj\u0105 jednomy\u015blno\u015bci przy 100 % obecno\u015bci cz\u0142onk\u00f3w Komisji Rewizyjnej.<\/p><p>6. Cz\u0142onkowie Komisji Rewizyjnej mog\u0105 bra\u0107 udzia\u0142 w posiedzeniach Zarz\u0105du z g\u0142osem doradczym.<\/p><p>7. Do kompetencji Komisji Rewizyjnej nale\u017cy:<\/p><p>a) Przeprowadzenie co najmniej raz do roku kontroli ca\u0142okszta\u0142tu dzia\u0142alno\u015bci Klubu;<\/p><p>b) Wyst\u0119powanie do Zarz\u0105du z wnioskami i zaleceniami pokontrolnymi;<\/p><p>c) Sk\u0142adanie sprawozda\u0144 Walnemu Zebraniu Cz\u0142onk\u00f3w oraz zg\u0142aszanie wniosk\u00f3w w sprawie absolutorium dla Zarz\u0105du.<\/p><p align=\"center\"><strong>\u00a7 21<\/strong><\/p><p><strong>Disciplinary Court<\/strong><\/p><p>1. The Disciplinary Court is the Club&#8217;s judicial authority, competent to hear disciplinary matters of Club members.<\/p><p>2. S\u0105d Kole\u017ce\u0144ski sk\u0142ada si\u0119 z pi\u0119ciu arbitr\u00f3w wybranych przez Walne Zgromadzenie.<\/p><p>3. S\u0105d Kole\u017ce\u0144ski orzeka w sk\u0142adach trzy osobowych za naruszenie praw b\u0105d\u017a nie wykonanie obowi\u0105zk\u00f3w ci\u0105\u017c\u0105cych na cz\u0142onkach Klubu. Sad Kole\u017ce\u0144ski mo\u017ce ukara\u0107 cz\u0142onka Klubu upomnieniem ustnym i pisemnym, na\u0142o\u017cy\u0107 kar\u0119 pieni\u0119\u017cn\u0105 do r\u00f3wnowarto\u015bci 1000 USD, zwiesi\u0107 w prawach cz\u0142onka od 3 miesi\u0119cy do 2 lat, wykluczy\u0107 z Klubu. Orzeczenia S\u0105du Kole\u017ce\u0144skiego zapadaj\u0105 zwyk\u0142\u0105 wi\u0119kszo\u015bci\u0105 g\u0142os\u00f3w.<\/p><p>4. W przypadku orzeczenia kary zawieszenia w prawach cz\u0142onka ukarany t\u0105 kar\u0105 nie dysponuje \u017cadnymi prawami i nie wykonuje wobec Klubu \u017cadnych praw.<\/p><p>5. Spos\u00f3b prowadzenia post\u0119powania przed Sadem Kole\u017ce\u0144skim oraz wykonanie orzecze\u0144 tego S\u0105du ustali regulamin opracowany przez Zarz\u0105d i uchwalony przez Walne Zebranie Cz\u0142onk\u00f3w.<\/p><p>6. Od decyzji S\u0105du Kole\u017ce\u0144skiego przys\u0142uguje odwo\u0142anie do Walnego Zebrania Cz\u0142onk\u00f3w, kt\u00f3re strona w post\u0119powaniu wnosi na pi\u015bmie nie p\u00f3\u017aniej ni\u017c w 30 dni od rozstrzygni\u0119cia.<\/p><p>7. Koszt rozprawy ponosi zaliczkowo Klub a ostatecznie ponosi strona przegrywaj\u0105ca, chyba \u017ce S\u0105d Kole\u017ce\u0144ski podejmie inn\u0105 decyzj\u0119 o ich roz\u0142o\u017ceniu.<\/p><p>8. W przypadku zmniejszenia si\u0119 liczby arbitr\u00f3w S\u0105du Kole\u017ce\u0144skiego poni\u017cej pi\u0119ciu Walne Zebranie Cz\u0142onk\u00f3w przeprowadza wybory uzupe\u0142niaj\u0105ce.<\/p><p align=\"center\"><strong>Rozdzia\u0142 V<\/strong><\/p><p align=\"center\"><strong>Dzia\u0142alno\u015b\u0107 gospodarcza<\/strong><\/p><p align=\"center\"><strong>\u00a7 22<\/strong><\/p><p>Klub mo\u017ce prowadzi\u0107 dzia\u0142alno\u015b\u0107 gospodarcz\u0105 wspomagaj\u0105ca osi\u0105ganie cel\u00f3w statutowych. Wszystkie dochody z prowadzonej dzia\u0142alno\u015bci gospodarczej b\u0119d\u0105 przeznaczone na cele statutowe Klubu.<\/p><p align=\"center\"><strong>Rozdzia\u0142 VI<\/strong><\/p><p align=\"center\"><strong>Maj\u0105tek Klubu<\/strong><\/p><p align=\"center\"><strong>\u00a7 23<\/strong><\/p><p>1. Maj\u0105tek Klubu stanowi\u0105 nieruchomo\u015bci, ruchomo\u015bci i fundusze pomniejszone o wierzytelno\u015bci.<\/p><p>2. Maj\u0105tek Klubu powstaje i sk\u0142ada si\u0119 z:<\/p><p>a) Op\u0142at klubowych pocz\u0105tkowych i rocznych;<\/p><p>b) Dotacji, darowizn, zapis\u00f3w i subwencji;<\/p><p>c) Dochod\u00f3w z maj\u0105tku Klubu;<\/p><p>d) Wp\u0142yw\u00f3w z dzia\u0142alno\u015bci gospodarczej.<\/p><p align=\"center\"><strong>Rozdzia\u0142 VII<\/strong><\/p><p align=\"center\"><strong>Zmiana Statutu i rozwi\u0105zanie Klubu<\/strong><\/p><p align=\"center\"><strong>\u00a7 24<\/strong><\/p><p>1. Zmiana Statutu lub rozwi\u0105zanie Klubu mo\u017ce nast\u0105pi\u0107 na podstawie uchwa\u0142 Walnego Zebrania Cz\u0142onk\u00f3w zwo\u0142anego przynajmniej na 14 dni z podaniem porz\u0105dku obrad, powzi\u0119tej wi\u0119kszo\u015bci\u0105 \u00be oddanych g\u0142os\u00f3w przy obecno\u015bci co najmniej 50 % +1, liczby cz\u0142onk\u00f3w uprawnionych do g\u0142osowania.<\/p><p>2. W przypadku braku wymaganego quorum obecno\u015bci, o kt\u00f3rym mowa w ust. 1 Walne Zebranie Cz\u0142onk\u00f3w zwo\u0142ywane jest w drugim terminie, tj. 30 minut po jego pierwszym terminie. Walne Zebranie Cz\u0142onk\u00f3w zwo\u0142ywane w drugim terminie podejmuje uchwa\u0142y bez wzgl\u0119du na liczb\u0119 obecnych, uprawnionych do g\u0142osowania cz\u0142onk\u00f3w.<\/p><p>3. W przypadku rozwi\u0105zania Klubu ostatni Zarz\u0105d Klubu jest zobowi\u0105zany do podj\u0119cia wszystkich wymaganych krok\u00f3w prawnych.<\/p><p align=\"center\"><strong>\u00a7 25<\/strong><\/p><p>W przypadku rozwi\u0105zania Klubu uchwa\u0142\u0105 Walnego Zebrania Cz\u0142onk\u00f3w okre\u015bla tryb likwidacji i przeznaczenie maj\u0105tku pozosta\u0142ego po Klubie.<\/p>\t\t\t\t\t\t<\/div>\n\t\t\t\t<\/div>\n\t\t\t\t\t<\/div>\n\t\t\t\t<\/div>\n\t\t\t\t<\/div>\n\t\t","protected":false},"excerpt":{"rendered":"<p>Association Statute Chapter I General Provisions \u00a7 1 1. The club is called &#8220;Binowo Park Golf Club&#8221; and is referred to as the Club further in the text. 2. The&hellip;<\/p>\n","protected":false},"author":1,"featured_media":0,"parent":0,"menu_order":0,"comment_status":"closed","ping_status":"closed","template":"","meta":{"_acf_changed":false,"footnotes":""},"class_list":["post-27975","page","type-page","status-publish","hentry"],"acf":[],"_links":{"self":[{"href":"https:\/\/binowopark.pl\/en\/wp-json\/wp\/v2\/pages\/27975"}],"collection":[{"href":"https:\/\/binowopark.pl\/en\/wp-json\/wp\/v2\/pages"}],"about":[{"href":"https:\/\/binowopark.pl\/en\/wp-json\/wp\/v2\/types\/page"}],"author":[{"embeddable":true,"href":"https:\/\/binowopark.pl\/en\/wp-json\/wp\/v2\/users\/1"}],"replies":[{"embeddable":true,"href":"https:\/\/binowopark.pl\/en\/wp-json\/wp\/v2\/comments?post=27975"}],"version-history":[{"count":4,"href":"https:\/\/binowopark.pl\/en\/wp-json\/wp\/v2\/pages\/27975\/revisions"}],"predecessor-version":[{"id":28132,"href":"https:\/\/binowopark.pl\/en\/wp-json\/wp\/v2\/pages\/27975\/revisions\/28132"}],"wp:attachment":[{"href":"https:\/\/binowopark.pl\/en\/wp-json\/wp\/v2\/media?parent=27975"}],"curies":[{"name":"wp","href":"https:\/\/api.w.org\/{rel}","templated":true}]}}